{"id":1117,"date":"2022-01-04T12:05:28","date_gmt":"2022-01-04T11:05:28","guid":{"rendered":"https:\/\/www.programacontexto.org\/elijo-querer\/"},"modified":"2023-11-28T12:26:44","modified_gmt":"2023-11-28T11:26:44","slug":"elijo-querer","status":"publish","type":"page","link":"https:\/\/www.programacontexto.org\/en\/elijo-querer\/","title":{"rendered":"#IChooseTolove"},"content":{"rendered":"<div class=\"textAlign-center marginBottom-xl\">\n<p><video poster=\"https:\/\/www.programacontexto.org\/wp-content\/uploads\/2022\/01\/hashtag-big.png\" controls=\"controls\" width=\"300\" height=\"150\"><source src=\"https:\/\/www.programacontexto.org\/wp-content\/uploads\/2022\/01\/elijoquerer.mp4\" type=\"video\/mp4\" \/>Your browser doesn't support HTML5 video. Here is<br \/>\na <a href=\"https:\/\/www.programacontexto.org\/wp-content\/uploads\/2022\/01\/elijoquerer.mp4\">link to the video<\/a> instead.<\/video><\/p>\n<\/div>\n<p class=\"type-lead\">The Contexto Programme launches a campaign to help men to prevent performing violent behaviour in their partner relationships.<\/p>\n<p>Contexto is based on the idea that partner violence against women is an eminently social problem that is maintained, to a large extent, by tolerance to the social environment of the people who are involved. It aims to raise citizens\u2019 awareness, especially those in the social environment (family, friends, work colleagues, etc.), of taking an active stance about partner violence against women. It offers a resource for attending to those men who treat women badly to encourage establishing healthy relationships based on treating people well. Likewise, the programme offers to those professionals who detect situations of violence in their day-to-day work a space where people responsible for violence can be addressed.<\/p>\n<p><strong>#IChooseToLove<\/strong> aims to make the men who show violent behaviour aware of the importance of beginning a process to change by making visible spaces in which they can obtain help and learn to interact with their partner respectfully and positively.<\/p>\n<p>With its team of professionals, the Contexto Programme offers this help free of charge, and it is backed by scientifically validated intervention strategies with a success rate over 80%.<\/p>\n<p><strong>If you are interested in advertising our campaign in your association or place of residence, please <a href=\"https:\/\/www.programacontexto.org\/en\/contacto\">contact us<\/a>.<\/strong><\/p>\n<p><img decoding=\"async\" class=\"alignnone size-full wp-image-92\" src=\"https:\/\/www.programacontexto.org\/wp-content\/uploads\/2022\/01\/elijo-querer-carteles.jpg\" alt=\"\" width=\"1500\" height=\"1060\" srcset=\"https:\/\/www.programacontexto.org\/wp-content\/uploads\/2022\/01\/elijo-querer-carteles.jpg 1500w, https:\/\/www.programacontexto.org\/wp-content\/uploads\/2022\/01\/elijo-querer-carteles-300x212.jpg 300w, https:\/\/www.programacontexto.org\/wp-content\/uploads\/2022\/01\/elijo-querer-carteles-1024x724.jpg 1024w, https:\/\/www.programacontexto.org\/wp-content\/uploads\/2022\/01\/elijo-querer-carteles-768x543.jpg 768w\" sizes=\"(max-width: 1500px) 100vw, 1500px\" \/><\/p>\n<section class=\"marginBottom-xxl\">\n<h3><img decoding=\"async\" class=\"alignnone size-full wp-image-93\" src=\"https:\/\/www.programacontexto.org\/wp-content\/uploads\/2022\/01\/dos-carteles.jpg\" alt=\"\" width=\"1600\" height=\"1114\" srcset=\"https:\/\/www.programacontexto.org\/wp-content\/uploads\/2022\/01\/dos-carteles.jpg 1600w, https:\/\/www.programacontexto.org\/wp-content\/uploads\/2022\/01\/dos-carteles-300x209.jpg 300w, https:\/\/www.programacontexto.org\/wp-content\/uploads\/2022\/01\/dos-carteles-1024x713.jpg 1024w, https:\/\/www.programacontexto.org\/wp-content\/uploads\/2022\/01\/dos-carteles-768x535.jpg 768w, https:\/\/www.programacontexto.org\/wp-content\/uploads\/2022\/01\/dos-carteles-1536x1069.jpg 1536w\" sizes=\"(max-width: 1600px) 100vw, 1600px\" \/><\/h3>\n<h3>Violence or Love in couples<\/h3>\n<p>Healthy partner relationships are based on respect, communication, trust and affection. In our relationship, we might behave in a way that we believe is \u201cnormal\u201d because it is what we have learned from other relationships (our parents, films, etc.). We can scorn, insult or shout and, gradually, our anger might increase, which could lead to physical violence by pushing, hitting, etc. Such dynamics in a relationship are negative, toxic. Given our beliefs in romantic love and the little education received about relationships, we might think that the way we behave shows love, when it actually hurts our partner.<\/p>\n<h3>I love my partner very much, but I get nervous. How can I love without hurting?<\/h3>\n<p>In the Contexto Programme, we help you to reflect on how you feel and why you react aggressively. We will provide you with tools to be able to manage your thoughts and emotions and to build healthy partner relationships free of violence.<\/p>\n<\/section>\n<div class=\"CampaignImage\"><img decoding=\"async\" src=\"https:\/\/www.programacontexto.org\/wp-content\/uploads\/2022\/01\/anzuelo.jpg\" alt=\"\" \/><\/div>\n<section class=\"marginBottom-xxl\">\n<h3>Myth or Reality: Romantic Love<\/h3>\n<p>Romantic love appears in films, series and books, which become benchmarks when we begin our first partner relationships. In these benchmarks, we find ideas that are far-removed from the reality of healthy partner relationships. For us, they produce deceitful expectations that are often negative. \u201cLove can conquer all\u201d. This is, in fact, false. Love cannot conquer all.<br \/>\nSometimes we can love someone very much, but our circumstances do not allow this relation at a given time (health, economic problems, etc.).<\/p>\n<h3>Can we change our beliefs about love?<\/h3>\n<p>We will help you to revise which beliefs we have about love deep inside that might perhaps make us harm our partner and ourselves.<\/p>\n<\/section>\n<div class=\"CampaignImage\"><img decoding=\"async\" src=\"https:\/\/www.programacontexto.org\/wp-content\/uploads\/2022\/01\/cinturon.jpg\" alt=\"\" width=\"306\" height=\"373\" \/><\/div>\n<section class=\"marginBottom-xxl\">\n<h3>Pressure or Sexual Desire<\/h3>\n<p>Sexual relations with a partner are a source of intimacy, passion and trust that generate well-being if performed from mutual desire. Our partner is not obliged to have sexual relations and his\/her decision must always be respected.<br \/>\nIt is quite normal that couples go through different stages and circumstances that affect the frequency of and their satisfaction with sexual relations. If partners accept when we place pressure on them, then we do not respect their decision and we prioritise our desire over their wishes.<\/p>\n<h3>If I place no pressure, what do I do? I have the desire<\/h3>\n<p>In the Contexto Programme, we bear in mind that sexual relations are still taboo in society. We offer you a space to work on how to positively communicate without placing pressure so as to establish sexual relations in which both members of the couple enjoy themselves equally.<\/p>\n<\/section>\n<div class=\"CampaignImage\"><img decoding=\"async\" src=\"https:\/\/www.programacontexto.org\/wp-content\/uploads\/2022\/01\/lagrimas.jpg\" alt=\"\" width=\"306\" height=\"377\" \/><\/div>\n<section class=\"marginBottom-xxl\">\n<h3>Do we look or do we act?<\/h3>\n<p>We see partner relationships every day in our surroundings: family relations, friends, work colleagues, neighbours, etc. We sometimes detect how violence is exercised in a relationship and we might not attach much importance to it without realising the harm the other person is suffering. This is because it is only a matter of shouting, showing scorn or living situations that make us feel uneasy. We might also think that it is an intimate or private thing of the couple, and has nothing to do with us. Perhaps these females are our sister, daughter, cousin, aunty, friend, work colleague, neighbour, etc.<\/p>\n<p>It is important to commit ourselves and to help the people who are important for us so they can live a better life. We should get involved and move from feeling worried to acting.<\/p>\n<h3>I know a man who badly treats his partner and I think it would help him if he turned to the Contexto Programme. What do I do?<\/h3>\n<p>You can mention the Contexto Programme to him and tell him that we can help him in his relationship free of charge and anonymously.<\/p>\n<p>If you have no relationship with this person, but you suspect that he might be badly treating someone,\u00a0<strong><a href=\"https:\/\/www.programacontexto.org\/en\/contacto\/\">contact us<\/a><\/strong>\u00a0to see how we can help him.<\/p>\n<\/section>\n<div class=\"CampaignImage\"><img decoding=\"async\" src=\"https:\/\/www.programacontexto.org\/wp-content\/uploads\/2022\/01\/cadena.jpg\" alt=\"\" width=\"309\" height=\"379\" \/><\/div>\n<section class=\"marginBottom-xxl\">\n<h3>Possessing or sharing?<\/h3>\n<p>Our partner is very important in our lives. (S)he offers us trust, affection and support. This accompaniment with us in our lives is free. The other person has decided to remain with us and share his\/her time with us.<\/p>\n<p>It is important to know that a partner is not a possession, but we are independent people who decide to be together because we love one another, and not because we belong to each other.<\/p>\n<h3>I feel uneasy or I get angry if my partner does things without me. Is this normal? What do I do?<\/h3>\n<p>We will reflect on why we feel bad when our partner does things individually or with other people, and what we can do to feel secure when our partner is not always by our side.<\/p>\n<\/section>\n<div class=\"CampaignImage\"><img decoding=\"async\" src=\"https:\/\/www.programacontexto.org\/wp-content\/uploads\/2022\/01\/bocadillo.jpg\" alt=\"\" width=\"305\" height=\"374\" \/><\/div>\n<section class=\"marginBottom-xxl\">\n<h3>Do I listen to myself or to you?<\/h3>\n<p>In partner relationships, we do not always share the same point of view about some decisions. It is necessary to state what we think and feel, and to also listen what our partner has to think and feel. Expressions like \u201cBe quiet. You have no idea about it\u201d or \u201cWait. Let me explain it to you; you don\u2019t understand me\u201d mean that we are not listening to our partner, but focus on our own view. Sometimes we wind our partner up or boycott their view without realising it because we want to be right. To build healthy relationships, we need to listen to the other person by leaving a space to then express our own view and to be listened to. In short, I listen to myself and I listen to you.<\/p>\n<h3>I am tired of always repeating the same thing when we argue. Nor does she listen to me.<\/h3>\n<p>We will work on our way of communicating to one another. We will also teach strategies to state our own point of view assertively by taking into account the other person to reach agreements in which both partners feel happy in the relationship.<\/p>\n<\/section>\n<div class=\"CampaignImage\"><img decoding=\"async\" src=\"https:\/\/www.programacontexto.org\/wp-content\/uploads\/2022\/01\/movil.jpg\" alt=\"\" width=\"307\" height=\"378\" \/><\/div>\n<section class=\"marginBottom-xxl\">\n<h3>Controlling or Caring?<\/h3>\n<p>New technologies have suddenly appeared in our relationships and tend to always be present. They have become a common way for partners to communicate with one another (WhatsApp, Facebook, Instagram, etc.). We now have the possibility of talking immediately and constantly.<\/p>\n<p>Nevertheless, it is important for us to be aware that social networks provide us in real time (stories, publications, comments, etc.) plenty of information about our partners, which might make us feel anxiety if we perceive that they do not answer us, and we check at what times they connect and the things they do. Such care can become control. We might think that this is the way to care for the other person, when in fact we are controlling him\/her.<\/p>\n<h3>I am constantly looking at my partner\u2019s social networks, I check what time (s)he connected, and we tend to discuss things by WhatsApp. I feel bad about it, but cannot avoid it.<\/h3>\n<p>Talking about how we feel when we check and control our partners\u2019 networks can help us. We will work to reduce any uneasiness this may cause by you learning alternative conducts and by reflecting about the consequences it has for you personally, and also for your partner. This is because we feel bad when we spy on someone we love, someone we must trust.<\/p>\n<\/section>\n<h3>Video in Valencian<\/h3>\n<p><video poster=\"https:\/\/www.programacontexto.org\/wp-content\/uploads\/2022\/01\/hashtag-big.png\" controls=\"controls\" width=\"300\" height=\"150\"><source src=\"https:\/\/www.programacontexto.org\/wp-content\/uploads\/2022\/01\/trieestimar.mp4\" type=\"video\/mp4\" \/>Your browser doesn't support HTML5 video. Here is<br \/>\na <a href=\"https:\/\/www.programacontexto.org\/wp-content\/uploads\/2022\/01\/trieestimar.mp4\">link to the video<\/a> instead.&nbsp;<\/p>\n<p>&nbsp;<\/video><\/p>\n<h3>Graphical campaign material<\/h3>\n<div class=\"CampaignImage padding-0\"><img decoding=\"async\" src=\"https:\/\/www.programacontexto.org\/wp-content\/uploads\/2022\/01\/folleto.jpg\" alt=\"\" width=\"1500\" height=\"754\" \/><\/div>\n<div class=\"CampaignImage padding-0\"><img decoding=\"async\" src=\"https:\/\/www.programacontexto.org\/wp-content\/uploads\/2022\/01\/folleto-abierto.jpg\" alt=\"\" width=\"1500\" height=\"754\" \/><\/div>\n<div class=\"CampaignImage padding-0\"><img decoding=\"async\" src=\"https:\/\/www.programacontexto.org\/wp-content\/uploads\/2022\/01\/bolso.jpg\" alt=\"\" width=\"863\" height=\"863\" \/><\/div>\n<div class=\"CampaignImage\"><img decoding=\"async\" src=\"https:\/\/www.programacontexto.org\/wp-content\/uploads\/2022\/01\/ctxt-chapas-trieestimar.gif\" alt=\"\" width=\"709\" height=\"709\" \/><\/div>\n<div class=\"CampaignImage\"><img decoding=\"async\" src=\"https:\/\/www.programacontexto.org\/wp-content\/uploads\/2022\/01\/elijo-querer.gif\" alt=\"\" width=\"600\" height=\"829\" \/><\/div>\n<p style=\"text-align: center; font-size: 32px;\">#ElijoQuerer #TrieEstimar<\/p>\n<p style=\"text-align: center; font-size: 20px; font-weight: 600;\">PROGRAMA CONTEXTO<\/p>\n","protected":false},"excerpt":{"rendered":"<p>Your browser doesn't support HTML5 video. Here is a link to the video instead. The Contexto Programme launches a campaign to help men to prevent performing violent behaviour in their partner relationships. Contexto is based on the idea that partner &hellip; <a class=\"kt-excerpt-readmore\" href=\"https:\/\/www.programacontexto.org\/en\/elijo-querer\/\" aria-label=\"#IChooseTolove\">Read More<\/a><\/p>\n","protected":false},"author":2,"featured_media":0,"parent":0,"menu_order":0,"comment_status":"closed","ping_status":"closed","template":"page-fullwidth.php","meta":{"_acf_changed":false,"_monsterinsights_skip_tracking":false,"_monsterinsights_sitenote_active":false,"_monsterinsights_sitenote_note":"","_monsterinsights_sitenote_category":0,"footnotes":""},"class_list":["post-1117","page","type-page","status-publish","hentry"],"acf":[],"yoast_head":"<!-- This site is optimized with the Yoast SEO plugin v27.3 - https:\/\/yoast.com\/product\/yoast-seo-wordpress\/ -->\n<title>#IChooseTolove - Programa Contexto<\/title>\n<meta name=\"description\" content=\"campa\u00f1a para ayudar a los hombres a prevenir las conductas violentas y el maltrato en sus relaciones de pareja\" \/>\n<meta name=\"robots\" content=\"index, follow, max-snippet:-1, max-image-preview:large, max-video-preview:-1\" \/>\n<link rel=\"canonical\" href=\"https:\/\/www.programacontexto.org\/en\/elijo-querer\/\" \/>\n<meta property=\"og:locale\" content=\"en_US\" \/>\n<meta property=\"og:type\" content=\"article\" \/>\n<meta property=\"og:title\" content=\"#IChooseTolove - Programa Contexto\" \/>\n<meta property=\"og:description\" content=\"campa\u00f1a para ayudar a los hombres a prevenir las conductas violentas y el maltrato en sus relaciones de pareja\" \/>\n<meta property=\"og:url\" content=\"https:\/\/www.programacontexto.org\/en\/elijo-querer\/\" \/>\n<meta property=\"og:site_name\" content=\"Programa Contexto\" \/>\n<meta property=\"article:publisher\" content=\"https:\/\/www.facebook.com\/programacontexto.psima\/\" \/>\n<meta property=\"article:modified_time\" content=\"2023-11-28T11:26:44+00:00\" \/>\n<meta property=\"og:image\" content=\"https:\/\/www.programacontexto.org\/wp-content\/uploads\/2022\/01\/elijo-querer-carteles.jpg\" \/>\n<meta name=\"twitter:card\" content=\"summary_large_image\" \/>\n<meta name=\"twitter:site\" content=\"@asociacionpsim1\" \/>\n<meta name=\"twitter:label1\" content=\"Est. reading time\" \/>\n\t<meta name=\"twitter:data1\" content=\"10 minutes\" \/>\n<script type=\"application\/ld+json\" class=\"yoast-schema-graph\">{\"@context\":\"https:\\\/\\\/schema.org\",\"@graph\":[{\"@type\":\"WebPage\",\"@id\":\"https:\\\/\\\/www.programacontexto.org\\\/en\\\/elijo-querer\\\/\",\"url\":\"https:\\\/\\\/www.programacontexto.org\\\/en\\\/elijo-querer\\\/\",\"name\":\"#IChooseTolove - Programa Contexto\",\"isPartOf\":{\"@id\":\"https:\\\/\\\/www.programacontexto.org\\\/en\\\/#website\"},\"primaryImageOfPage\":{\"@id\":\"https:\\\/\\\/www.programacontexto.org\\\/en\\\/elijo-querer\\\/#primaryimage\"},\"image\":{\"@id\":\"https:\\\/\\\/www.programacontexto.org\\\/en\\\/elijo-querer\\\/#primaryimage\"},\"thumbnailUrl\":\"https:\\\/\\\/www.programacontexto.org\\\/wp-content\\\/uploads\\\/2022\\\/01\\\/elijo-querer-carteles.jpg\",\"datePublished\":\"2022-01-04T11:05:28+00:00\",\"dateModified\":\"2023-11-28T11:26:44+00:00\",\"description\":\"campa\u00f1a para ayudar a los hombres a prevenir las conductas violentas y el maltrato en sus relaciones de pareja\",\"breadcrumb\":{\"@id\":\"https:\\\/\\\/www.programacontexto.org\\\/en\\\/elijo-querer\\\/#breadcrumb\"},\"inLanguage\":\"en-US\",\"potentialAction\":[{\"@type\":\"ReadAction\",\"target\":[\"https:\\\/\\\/www.programacontexto.org\\\/en\\\/elijo-querer\\\/\"]}]},{\"@type\":\"ImageObject\",\"inLanguage\":\"en-US\",\"@id\":\"https:\\\/\\\/www.programacontexto.org\\\/en\\\/elijo-querer\\\/#primaryimage\",\"url\":\"https:\\\/\\\/www.programacontexto.org\\\/wp-content\\\/uploads\\\/2022\\\/01\\\/elijo-querer-carteles.jpg\",\"contentUrl\":\"https:\\\/\\\/www.programacontexto.org\\\/wp-content\\\/uploads\\\/2022\\\/01\\\/elijo-querer-carteles.jpg\"},{\"@type\":\"BreadcrumbList\",\"@id\":\"https:\\\/\\\/www.programacontexto.org\\\/en\\\/elijo-querer\\\/#breadcrumb\",\"itemListElement\":[{\"@type\":\"ListItem\",\"position\":1,\"name\":\"Portada\",\"item\":\"https:\\\/\\\/www.programacontexto.org\\\/en\\\/\"},{\"@type\":\"ListItem\",\"position\":2,\"name\":\"#IChooseTolove\"}]},{\"@type\":\"WebSite\",\"@id\":\"https:\\\/\\\/www.programacontexto.org\\\/en\\\/#website\",\"url\":\"https:\\\/\\\/www.programacontexto.org\\\/en\\\/\",\"name\":\"Programa Contexto\",\"description\":\"Programa de Investigaci\u00f3n, Formaci\u00f3n, Intervenci\u00f3n y Prevenci\u00f3n de la Violencia de G\u00e9nero a trav\u00e9s del trabajo con el agresor\",\"publisher\":{\"@id\":\"https:\\\/\\\/www.programacontexto.org\\\/en\\\/#organization\"},\"potentialAction\":[{\"@type\":\"SearchAction\",\"target\":{\"@type\":\"EntryPoint\",\"urlTemplate\":\"https:\\\/\\\/www.programacontexto.org\\\/en\\\/?s={search_term_string}\"},\"query-input\":{\"@type\":\"PropertyValueSpecification\",\"valueRequired\":true,\"valueName\":\"search_term_string\"}}],\"inLanguage\":\"en-US\"},{\"@type\":\"Organization\",\"@id\":\"https:\\\/\\\/www.programacontexto.org\\\/en\\\/#organization\",\"name\":\"Programa Contexto\",\"url\":\"https:\\\/\\\/www.programacontexto.org\\\/en\\\/\",\"logo\":{\"@type\":\"ImageObject\",\"inLanguage\":\"en-US\",\"@id\":\"https:\\\/\\\/www.programacontexto.org\\\/en\\\/#\\\/schema\\\/logo\\\/image\\\/\",\"url\":\"https:\\\/\\\/www.programacontexto.org\\\/wp-content\\\/uploads\\\/2022\\\/01\\\/logo-contexto-dark.svg\",\"contentUrl\":\"https:\\\/\\\/www.programacontexto.org\\\/wp-content\\\/uploads\\\/2022\\\/01\\\/logo-contexto-dark.svg\",\"width\":1,\"height\":1,\"caption\":\"Programa Contexto\"},\"image\":{\"@id\":\"https:\\\/\\\/www.programacontexto.org\\\/en\\\/#\\\/schema\\\/logo\\\/image\\\/\"},\"sameAs\":[\"https:\\\/\\\/www.facebook.com\\\/programacontexto.psima\\\/\",\"https:\\\/\\\/x.com\\\/asociacionpsim1\"]}]}<\/script>\n<!-- \/ Yoast SEO plugin. -->","yoast_head_json":{"title":"#IChooseTolove - Programa Contexto","description":"campa\u00f1a para ayudar a los hombres a prevenir las conductas violentas y el maltrato en sus relaciones de pareja","robots":{"index":"index","follow":"follow","max-snippet":"max-snippet:-1","max-image-preview":"max-image-preview:large","max-video-preview":"max-video-preview:-1"},"canonical":"https:\/\/www.programacontexto.org\/en\/elijo-querer\/","og_locale":"en_US","og_type":"article","og_title":"#IChooseTolove - Programa Contexto","og_description":"campa\u00f1a para ayudar a los hombres a prevenir las conductas violentas y el maltrato en sus relaciones de pareja","og_url":"https:\/\/www.programacontexto.org\/en\/elijo-querer\/","og_site_name":"Programa Contexto","article_publisher":"https:\/\/www.facebook.com\/programacontexto.psima\/","article_modified_time":"2023-11-28T11:26:44+00:00","og_image":[{"url":"https:\/\/www.programacontexto.org\/wp-content\/uploads\/2022\/01\/elijo-querer-carteles.jpg","type":"","width":"","height":""}],"twitter_card":"summary_large_image","twitter_site":"@asociacionpsim1","twitter_misc":{"Est. reading time":"10 minutes"},"schema":{"@context":"https:\/\/schema.org","@graph":[{"@type":"WebPage","@id":"https:\/\/www.programacontexto.org\/en\/elijo-querer\/","url":"https:\/\/www.programacontexto.org\/en\/elijo-querer\/","name":"#IChooseTolove - Programa Contexto","isPartOf":{"@id":"https:\/\/www.programacontexto.org\/en\/#website"},"primaryImageOfPage":{"@id":"https:\/\/www.programacontexto.org\/en\/elijo-querer\/#primaryimage"},"image":{"@id":"https:\/\/www.programacontexto.org\/en\/elijo-querer\/#primaryimage"},"thumbnailUrl":"https:\/\/www.programacontexto.org\/wp-content\/uploads\/2022\/01\/elijo-querer-carteles.jpg","datePublished":"2022-01-04T11:05:28+00:00","dateModified":"2023-11-28T11:26:44+00:00","description":"campa\u00f1a para ayudar a los hombres a prevenir las conductas violentas y el maltrato en sus relaciones de pareja","breadcrumb":{"@id":"https:\/\/www.programacontexto.org\/en\/elijo-querer\/#breadcrumb"},"inLanguage":"en-US","potentialAction":[{"@type":"ReadAction","target":["https:\/\/www.programacontexto.org\/en\/elijo-querer\/"]}]},{"@type":"ImageObject","inLanguage":"en-US","@id":"https:\/\/www.programacontexto.org\/en\/elijo-querer\/#primaryimage","url":"https:\/\/www.programacontexto.org\/wp-content\/uploads\/2022\/01\/elijo-querer-carteles.jpg","contentUrl":"https:\/\/www.programacontexto.org\/wp-content\/uploads\/2022\/01\/elijo-querer-carteles.jpg"},{"@type":"BreadcrumbList","@id":"https:\/\/www.programacontexto.org\/en\/elijo-querer\/#breadcrumb","itemListElement":[{"@type":"ListItem","position":1,"name":"Portada","item":"https:\/\/www.programacontexto.org\/en\/"},{"@type":"ListItem","position":2,"name":"#IChooseTolove"}]},{"@type":"WebSite","@id":"https:\/\/www.programacontexto.org\/en\/#website","url":"https:\/\/www.programacontexto.org\/en\/","name":"Programa Contexto","description":"Programa de Investigaci\u00f3n, Formaci\u00f3n, Intervenci\u00f3n y Prevenci\u00f3n de la Violencia de G\u00e9nero a trav\u00e9s del trabajo con el agresor","publisher":{"@id":"https:\/\/www.programacontexto.org\/en\/#organization"},"potentialAction":[{"@type":"SearchAction","target":{"@type":"EntryPoint","urlTemplate":"https:\/\/www.programacontexto.org\/en\/?s={search_term_string}"},"query-input":{"@type":"PropertyValueSpecification","valueRequired":true,"valueName":"search_term_string"}}],"inLanguage":"en-US"},{"@type":"Organization","@id":"https:\/\/www.programacontexto.org\/en\/#organization","name":"Programa Contexto","url":"https:\/\/www.programacontexto.org\/en\/","logo":{"@type":"ImageObject","inLanguage":"en-US","@id":"https:\/\/www.programacontexto.org\/en\/#\/schema\/logo\/image\/","url":"https:\/\/www.programacontexto.org\/wp-content\/uploads\/2022\/01\/logo-contexto-dark.svg","contentUrl":"https:\/\/www.programacontexto.org\/wp-content\/uploads\/2022\/01\/logo-contexto-dark.svg","width":1,"height":1,"caption":"Programa Contexto"},"image":{"@id":"https:\/\/www.programacontexto.org\/en\/#\/schema\/logo\/image\/"},"sameAs":["https:\/\/www.facebook.com\/programacontexto.psima\/","https:\/\/x.com\/asociacionpsim1"]}]}},"_links":{"self":[{"href":"https:\/\/www.programacontexto.org\/en\/wp-json\/wp\/v2\/pages\/1117","targetHints":{"allow":["GET"]}}],"collection":[{"href":"https:\/\/www.programacontexto.org\/en\/wp-json\/wp\/v2\/pages"}],"about":[{"href":"https:\/\/www.programacontexto.org\/en\/wp-json\/wp\/v2\/types\/page"}],"author":[{"embeddable":true,"href":"https:\/\/www.programacontexto.org\/en\/wp-json\/wp\/v2\/users\/2"}],"replies":[{"embeddable":true,"href":"https:\/\/www.programacontexto.org\/en\/wp-json\/wp\/v2\/comments?post=1117"}],"version-history":[{"count":3,"href":"https:\/\/www.programacontexto.org\/en\/wp-json\/wp\/v2\/pages\/1117\/revisions"}],"predecessor-version":[{"id":1123,"href":"https:\/\/www.programacontexto.org\/en\/wp-json\/wp\/v2\/pages\/1117\/revisions\/1123"}],"wp:attachment":[{"href":"https:\/\/www.programacontexto.org\/en\/wp-json\/wp\/v2\/media?parent=1117"}],"curies":[{"name":"wp","href":"https:\/\/api.w.org\/{rel}","templated":true}]}}